{"id":1972,"date":"2016-11-14T13:41:11","date_gmt":"2016-11-14T13:41:11","guid":{"rendered":"http:\/\/smartwpress.com\/lucille2\/?page_id=1972"},"modified":"2024-10-12T00:41:43","modified_gmt":"2024-10-12T00:41:43","slug":"certificados","status":"publish","type":"page","link":"https:\/\/evasete.com.br\/v2\/certificados\/","title":{"rendered":"CERTIFICADOS"},"content":{"rendered":"<p>[vc_row css=&#8221;.vc_custom_1716852797516{margin-top: 45px !important;margin-bottom: 20px !important;}&#8221;][vc_column][vc_column_text]<img loading=\"lazy\" decoding=\"async\" class=\"aligncenter wp-image-3329 \" src=\"https:\/\/evasete.com.br\/v2\/wp-content\/uploads\/2021\/09\/WhatsApp-Image-2021-09-23-at-13.58.55-e1632774941980-300x200.jpeg\" alt=\"\" width=\"200\" height=\"133\" srcset=\"https:\/\/evasete.com.br\/v2\/wp-content\/uploads\/2021\/09\/WhatsApp-Image-2021-09-23-at-13.58.55-e1632774941980-300x200.jpeg 300w, https:\/\/evasete.com.br\/v2\/wp-content\/uploads\/2021\/09\/WhatsApp-Image-2021-09-23-at-13.58.55-e1632774941980-1024x683.jpeg 1024w, https:\/\/evasete.com.br\/v2\/wp-content\/uploads\/2021\/09\/WhatsApp-Image-2021-09-23-at-13.58.55-e1632774941980-768x512.jpeg 768w, https:\/\/evasete.com.br\/v2\/wp-content\/uploads\/2021\/09\/WhatsApp-Image-2021-09-23-at-13.58.55-e1632774941980.jpeg 1280w\" sizes=\"auto, (max-width: 200px) 100vw, 200px\" \/><\/p>\n<p style=\"text-align: center;\">\n<style type=\"text\/css\">\n<!-- .textoPages { color: #ffffff; font-family: 'Oswald', sans-serif; font-size: 14px; } .titG1 { color: #ffffff; font-size: 24px; font-family: 'Oswald', sans-serif; } .titG2 {color: #ffffff; font-size: 20px; font-family: 'Oswald', sans-serif; } .titG3 {color: #ffffff; font-size: 16px; font-family: 'Oswald', sans-serif; } .styleLink1 { font-family: 'Oswald', sans-serif; font-size: 14px; color: #000; } } --><\/style>\n<\/p>\n<p style=\"text-align: center;\"><span class=\"titG3\">EVA Sete tem uma grande preocupa\u00e7\u00e3o com a qualidade de seus produtos, por isso estamos sempre buscando investir em estrutura f\u00edsica, treinamento e qualifica\u00e7\u00e3o de seus colaboradores. Todo esfor\u00e7o \u00e9 garantido por meio da certifica\u00e7\u00e3o ISO 9001:2015 sistema de gest\u00e3o da qualidade, que \u00e9 o Norte para alcan\u00e7ar nossos objetivos e satisfa\u00e7\u00e3o de nossos clientes.<\/span><\/p>\n<p>[\/vc_column_text][\/vc_column][\/vc_row][vc_row css=&#8221;.vc_custom_1630972197801{margin-bottom: 60px !important;}&#8221;][vc_column][vc_column_text]<a href=\"https:\/\/evasete.com.br\/v2\/wp-content\/uploads\/2024\/10\/Re-Certificado-ISO-90012015.pdf\" target=\"_blank\" rel=\"noopener\"><img loading=\"lazy\" decoding=\"async\" class=\"size-full wp-image-3334 aligncenter\" src=\"https:\/\/evasete.com.br\/v2\/wp-content\/uploads\/2021\/09\/botCertificado.png\" alt=\"\" width=\"127\" height=\"33\"><\/a><\/p>\n<p style=\"text-align: center;\">&nbsp;<\/p>\n<p>[\/vc_column_text][\/vc_column][\/vc_row]<\/p>\n","protected":false},"excerpt":{"rendered":"<p>[vc_row css=&#8221;.vc_custom_1716852797516{margin-top: 45px !important;margin-bottom: 20px !important;}&#8221;][vc_column][vc_column_text] EVA Sete tem uma grande preocupa\u00e7\u00e3o com a qualidade de seus produtos, por isso estamos sempre buscando investir em estrutura f\u00edsica, treinamento e qualifica\u00e7\u00e3o de seus colaboradores. Todo esfor\u00e7o \u00e9 garantido por meio da&#8230;<\/p>\n","protected":false},"author":1,"featured_media":0,"parent":0,"menu_order":0,"comment_status":"closed","ping_status":"closed","template":"","meta":{"ngg_post_thumbnail":0,"footnotes":""},"class_list":["post-1972","page","type-page","status-publish","hentry"],"_links":{"self":[{"href":"https:\/\/evasete.com.br\/v2\/wp-json\/wp\/v2\/pages\/1972","targetHints":{"allow":["GET"]}}],"collection":[{"href":"https:\/\/evasete.com.br\/v2\/wp-json\/wp\/v2\/pages"}],"about":[{"href":"https:\/\/evasete.com.br\/v2\/wp-json\/wp\/v2\/types\/page"}],"author":[{"embeddable":true,"href":"https:\/\/evasete.com.br\/v2\/wp-json\/wp\/v2\/users\/1"}],"replies":[{"embeddable":true,"href":"https:\/\/evasete.com.br\/v2\/wp-json\/wp\/v2\/comments?post=1972"}],"version-history":[{"count":90,"href":"https:\/\/evasete.com.br\/v2\/wp-json\/wp\/v2\/pages\/1972\/revisions"}],"predecessor-version":[{"id":3669,"href":"https:\/\/evasete.com.br\/v2\/wp-json\/wp\/v2\/pages\/1972\/revisions\/3669"}],"wp:attachment":[{"href":"https:\/\/evasete.com.br\/v2\/wp-json\/wp\/v2\/media?parent=1972"}],"curies":[{"name":"wp","href":"https:\/\/api.w.org\/{rel}","templated":true}]}}